{"id":17,"date":"2024-04-28T20:34:16","date_gmt":"2024-04-28T20:34:16","guid":{"rendered":"https:\/\/www.dem-hund-zuliebe.de\/?page_id=17"},"modified":"2024-04-29T15:25:16","modified_gmt":"2024-04-29T15:25:16","slug":"ueber-mich","status":"publish","type":"page","link":"https:\/\/www.dem-hund-zuliebe.de\/?page_id=17","title":{"rendered":"\u00dcber mich"},"content":{"rendered":"\n<div style=\"height:83px\" aria-hidden=\"true\" class=\"wp-block-spacer\"><\/div>\n\n\n\n<figure class=\"wp-block-image aligncenter size-medium\"><img loading=\"lazy\" decoding=\"async\" width=\"200\" height=\"300\" src=\"https:\/\/www.dem-hund-zuliebe.de\/wp-content\/uploads\/2024\/04\/nicolemitsilver-200x300.jpg\" alt=\"Nicole V\u00f6lkel mit Baby-Silver auf dem Arm\" class=\"wp-image-34\" srcset=\"https:\/\/www.dem-hund-zuliebe.de\/wp-content\/uploads\/2024\/04\/nicolemitsilver-200x300.jpg 200w, https:\/\/www.dem-hund-zuliebe.de\/wp-content\/uploads\/2024\/04\/nicolemitsilver.jpg 665w\" sizes=\"auto, (max-width: 200px) 100vw, 200px\" \/><figcaption class=\"wp-element-caption\">Nicole V\u00f6lkel, zertifizierte Dogwalkerin seit 2006<\/figcaption><\/figure>\n\n\n\n<div class=\"wp-block-group is-nowrap is-layout-flex wp-container-core-group-is-layout-6c531013 wp-block-group-is-layout-flex\">\n<p>&#8222;Dem Hund zuliebe\u201c wurde im Sommer 2006 gegr\u00fcndet als ich mir einen Traum erf\u00fcllte und meine Leidenschaft zum Beruf gemacht habe. Seitdem laufe ich wochentags (Montag bis Freitag) mit meiner Gruppe (bis zu 10 Hunde) in den Berliner Hundeauslaufgebieten. Meine eigenen Hunde (aktuell drei Galgo espanol) begleiten mich nat\u00fcrlich nahezu immer und geben der Gruppe h\u00fcndische Stabilit\u00e4t und auch Power.<\/p>\n<\/div>\n\n\n\n<hr class=\"wp-block-separator has-alpha-channel-opacity\"\/>\n\n\n\n<div class=\"wp-block-group alignwide has-global-padding is-layout-constrained wp-block-group-is-layout-constrained\">\n<h2 class=\"wp-block-heading\">Genehmigung<\/h2>\n\n\n\n<p>Genehmigung f\u00fcr das gewerbsm\u00e4\u00dfige F\u00fchren von mehr als 4 Hunden nach \u00a7 27 Abs. 1 Gesetz zur Neuregelung des Haltens und F\u00fchrens von Hunden in Berlin (HundeG Bln.) f\u00fcr 11 Hunde, erteilt durch das Bezirksamt Spandau von Berlin<\/p>\n\n\n\n<hr class=\"wp-block-separator has-alpha-channel-opacity\"\/>\n\n\n\n<h2 class=\"wp-block-heading\">Philosphie<\/h2>\n\n\n\n<p>\u00dcber den Tierschutz, f\u00fcr den ich viele Jahre als Pflegestelle und als Pflegestellenbetreuung Regionalbereich Berlin ehrenamtlich gearbeitet habe, bin ich zu der festen \u00dcberzeugung gekommen, dass feste soziale Hundegruppen f\u00fcr nahezu jeden Hund eine Bereicherung darstellen und die Lebensqualit\u00e4t unserer h\u00fcndischen Freunde steigern. Da nicht jeder Mensch dazu in der Lage ist, mehrere Hunde gleichzeitig zu halten, bietet eine feste Gassigruppe unter professioneller menschlicher F\u00fchrung eine gute Alternative. Hunde, die mehrmals w\u00f6chentlich gute Hundegruppenerfahrungen machen d\u00fcrfen sind in der Regel ausgeglichener, vertr\u00e4glicher und gl\u00fccklicher als ihre Artgenossen, denen dieses Privileg verwehrt bleibt.<\/p>\n<\/div>\n","protected":false},"excerpt":{"rendered":"<p>&#8222;Dem Hund zuliebe\u201c wurde im Sommer 2006 gegr\u00fcndet als ich mir einen Traum erf\u00fcllte und meine Leidenschaft zum Beruf gemacht habe. Seitdem laufe ich wochentags (Montag bis Freitag) mit meiner Gruppe (bis zu 10 Hunde) in den Berliner Hundeauslaufgebieten. Meine eigenen Hunde (aktuell drei Galgo espanol) begleiten mich nat\u00fcrlich nahezu immer und geben der Gruppe [&hellip;]<\/p>\n","protected":false},"author":1,"featured_media":0,"parent":0,"menu_order":0,"comment_status":"closed","ping_status":"closed","template":"","meta":{"footnotes":""},"class_list":["post-17","page","type-page","status-publish","hentry"],"_links":{"self":[{"href":"https:\/\/www.dem-hund-zuliebe.de\/index.php?rest_route=\/wp\/v2\/pages\/17","targetHints":{"allow":["GET"]}}],"collection":[{"href":"https:\/\/www.dem-hund-zuliebe.de\/index.php?rest_route=\/wp\/v2\/pages"}],"about":[{"href":"https:\/\/www.dem-hund-zuliebe.de\/index.php?rest_route=\/wp\/v2\/types\/page"}],"author":[{"embeddable":true,"href":"https:\/\/www.dem-hund-zuliebe.de\/index.php?rest_route=\/wp\/v2\/users\/1"}],"replies":[{"embeddable":true,"href":"https:\/\/www.dem-hund-zuliebe.de\/index.php?rest_route=%2Fwp%2Fv2%2Fcomments&post=17"}],"version-history":[{"count":5,"href":"https:\/\/www.dem-hund-zuliebe.de\/index.php?rest_route=\/wp\/v2\/pages\/17\/revisions"}],"predecessor-version":[{"id":39,"href":"https:\/\/www.dem-hund-zuliebe.de\/index.php?rest_route=\/wp\/v2\/pages\/17\/revisions\/39"}],"wp:attachment":[{"href":"https:\/\/www.dem-hund-zuliebe.de\/index.php?rest_route=%2Fwp%2Fv2%2Fmedia&parent=17"}],"curies":[{"name":"wp","href":"https:\/\/api.w.org\/{rel}","templated":true}]}}