{"id":25,"date":"2024-04-28T20:51:14","date_gmt":"2024-04-28T20:51:14","guid":{"rendered":"https:\/\/www.dem-hund-zuliebe.de\/?page_id=25"},"modified":"2024-07-07T19:17:18","modified_gmt":"2024-07-07T19:17:18","slug":"mein-service","status":"publish","type":"page","link":"https:\/\/www.dem-hund-zuliebe.de\/?page_id=25","title":{"rendered":"Mein Service"},"content":{"rendered":"\n<h2 class=\"wp-block-heading\">Dogwalking<\/h2>\n\n\n\n<p>Nach einem gegenseitigen Kennenlernen wird Ihr Hund an den vereinbarten Tagen in einem abgesprochenen Zeitrahmen vormittags von dem von Ihnen bevorzugten Ort (vorausgesetzt dieser liegt in meinem Einzugsgebiet) abgeholt und zusammen mit den anderen Teilnehmern im klimatisierten Hundemobil von mir in ein geeignetes Auslaufgebiet gefahren.&nbsp;<br>Dort kann und darf er dann nach einer individuellen Eingew\u00f6hnungsphase im Freilauf in der Hundegruppe \u201eHundesachen\u201c machen wie spielen, buddeln, schn\u00fcffeln, kuscheln und nat\u00fcrlich seine Gesch\u00e4fte erledigen.<br>Immer wieder baue ich kleine \u00dcbungen ein wie einzelner R\u00fcckruf, R\u00fcckruf in der Gruppe, gef\u00fchrte Begegnungen mit anderen Hunden, Menschen ohne Hund, Radfahrern, Nordic Walkern, spielenden Kinder oder kleine Geschicklichkeits- oder Suchspiele.<br>Ich arbeite mit Belohnung.<br>Je nach Wetter dauert der Walk mindestens 90 bis im Idealfall h\u00f6chstens 120 Minuten. Anschlie\u00dfend bringe ich die Hunde m\u00fcde, zufrieden und entspannt wieder zur\u00fcck. F\u00fctterung bei Ihnen vor Ort nach dem Gassi ist auf Wunsch ohne Aufpreis m\u00f6glich.<\/p>\n\n\n\n<h2 class=\"wp-block-heading\">Hundemobil<\/h2>\n\n\n\n<ul class=\"wp-block-list\">\n<li>Renault Trafic Grand Combi, klimatisiert mit rundum Fenstern<\/li>\n\n\n\n<li>Im Fahrzeug befindet sich ein gr\u00f6\u00dferes kuscheliges Gemeinschaftsabteil. F\u00fcr die Hunde, die lieber separat bef\u00f6rdert werden, sind zus\u00e4tzlich Boxen vorhanden.<\/li>\n\n\n\n<li>Trinkwasser steht w\u00e4hren der gesamten Fahrt jederzeit in ausreichender Menge zur Verf\u00fcgung.<\/li>\n<\/ul>\n\n\n\n<h2 class=\"wp-block-heading\">Abholgebiete<\/h2>\n\n\n\n<ul class=\"wp-block-list\">\n<li>Berlin Spandau und<\/li>\n\n\n\n<li>Neuwestend bis maximal Theodor Heuss Platz<\/li>\n\n\n\n<li>Hennigsdorf bei Berlin &#8211; nur Dienstag und Freitag<\/li>\n<\/ul>\n\n\n\n<h2 class=\"wp-block-heading\">Buchungsbedingungen<\/h2>\n\n\n\n<ul class=\"wp-block-list\">\n<li>Monatliche Zahlung in Vorkasse<\/li>\n\n\n\n<li>Feste vorher verabredete Abholtage (f\u00fcr Stabilit\u00e4t in den Hundegruppen und da die Anzahl der mitzuf\u00fchrenden Hunde durch den Gesetzgeber beschr\u00e4nkt ist)<\/li>\n\n\n\n<li>Ein Platz wird generell f\u00fcr Notf\u00e4lle freigehalten (so das auch au\u00dfer der Reihe Betreuung gew\u00e4hrleistet ist)<\/li>\n\n\n\n<li>Buchungen sind ab zwei Terminen pro Woche m\u00f6glich<\/li>\n<\/ul>\n\n\n\n<h2 class=\"wp-block-heading\">Preise<\/h2>\n\n\n\n<p>Preise nach Vereinbarung<\/p>\n","protected":false},"excerpt":{"rendered":"<p>Dogwalking Nach einem gegenseitigen Kennenlernen wird Ihr Hund an den vereinbarten Tagen in einem abgesprochenen Zeitrahmen vormittags von dem von Ihnen bevorzugten Ort (vorausgesetzt dieser liegt in meinem Einzugsgebiet) abgeholt und zusammen mit den anderen Teilnehmern im klimatisierten Hundemobil von mir in ein geeignetes Auslaufgebiet gefahren.&nbsp;Dort kann und darf er dann nach einer individuellen Eingew\u00f6hnungsphase [&hellip;]<\/p>\n","protected":false},"author":1,"featured_media":0,"parent":0,"menu_order":0,"comment_status":"closed","ping_status":"closed","template":"","meta":{"footnotes":""},"class_list":["post-25","page","type-page","status-publish","hentry"],"_links":{"self":[{"href":"https:\/\/www.dem-hund-zuliebe.de\/index.php?rest_route=\/wp\/v2\/pages\/25","targetHints":{"allow":["GET"]}}],"collection":[{"href":"https:\/\/www.dem-hund-zuliebe.de\/index.php?rest_route=\/wp\/v2\/pages"}],"about":[{"href":"https:\/\/www.dem-hund-zuliebe.de\/index.php?rest_route=\/wp\/v2\/types\/page"}],"author":[{"embeddable":true,"href":"https:\/\/www.dem-hund-zuliebe.de\/index.php?rest_route=\/wp\/v2\/users\/1"}],"replies":[{"embeddable":true,"href":"https:\/\/www.dem-hund-zuliebe.de\/index.php?rest_route=%2Fwp%2Fv2%2Fcomments&post=25"}],"version-history":[{"count":2,"href":"https:\/\/www.dem-hund-zuliebe.de\/index.php?rest_route=\/wp\/v2\/pages\/25\/revisions"}],"predecessor-version":[{"id":61,"href":"https:\/\/www.dem-hund-zuliebe.de\/index.php?rest_route=\/wp\/v2\/pages\/25\/revisions\/61"}],"wp:attachment":[{"href":"https:\/\/www.dem-hund-zuliebe.de\/index.php?rest_route=%2Fwp%2Fv2%2Fmedia&parent=25"}],"curies":[{"name":"wp","href":"https:\/\/api.w.org\/{rel}","templated":true}]}}