{"id":48,"date":"2024-04-29T19:38:32","date_gmt":"2024-04-29T19:38:32","guid":{"rendered":"https:\/\/www.dem-hund-zuliebe.de\/?page_id=48"},"modified":"2024-04-29T20:10:49","modified_gmt":"2024-04-29T20:10:49","slug":"dem-hund-zuliebe","status":"publish","type":"page","link":"https:\/\/www.dem-hund-zuliebe.de\/","title":{"rendered":"Dem Hund zuliebe &#8230;"},"content":{"rendered":"\n<p>erm\u00f6glichen Sie Ihrem Hund artgerechte Bewegung und Auslastung in der Hundegruppe w\u00e4hrend Sie auf Arbeit oder anderweitig verhindert sind. <\/p>\n\n\n\n<hr class=\"wp-block-separator has-alpha-channel-opacity\"\/>\n\n\n\n<h2 class=\"wp-block-heading\">Leistungen<\/h2>\n\n\n\n<ul class=\"wp-block-list\">\n<li>Spazierg\u00e4nge in der Hundegruppe in Berliner Hundeauslaufgebieten<\/li>\n\n\n\n<li>Betreuung durch zertifizierte und amtlich genehmigte Dogwalkerin<\/li>\n\n\n\n<li>Dogwalking seit 2006<\/li>\n\n\n\n<li>Abholung und Zur\u00fcckbringen Ihres Hundes mit meinem Hundemobil<\/li>\n\n\n\n<li>Gruppen bis maximal 10 Hunde pro Spaziergang<\/li>\n\n\n\n<li>Buchung im Abo-Modell sorgt f\u00fcr vertraute und best\u00e4ndige Hundegruppen<\/li>\n\n\n\n<li>Buchungen ab 2x pro Woche m\u00f6glich<\/li>\n<\/ul>\n\n\n\n<div class=\"wp-block-buttons is-content-justification-center is-layout-flex wp-container-core-buttons-is-layout-a89b3969 wp-block-buttons-is-layout-flex\">\n<div class=\"wp-block-button\"><a class=\"wp-block-button__link wp-element-button\" href=\"https:\/\/www.dem-hund-zuliebe.de\/?page_id=25\">Mehr erfahren &#8230;<\/a><\/div>\n<\/div>\n\n\n\n<figure class=\"wp-block-image size-full\"><img loading=\"lazy\" decoding=\"async\" width=\"1024\" height=\"1024\" src=\"https:\/\/www.dem-hund-zuliebe.de\/wp-content\/uploads\/2024\/04\/IMG_1778.jpg\" alt=\"Hundegruppe\" class=\"wp-image-55\" srcset=\"https:\/\/www.dem-hund-zuliebe.de\/wp-content\/uploads\/2024\/04\/IMG_1778.jpg 1024w, https:\/\/www.dem-hund-zuliebe.de\/wp-content\/uploads\/2024\/04\/IMG_1778-300x300.jpg 300w, https:\/\/www.dem-hund-zuliebe.de\/wp-content\/uploads\/2024\/04\/IMG_1778-150x150.jpg 150w, https:\/\/www.dem-hund-zuliebe.de\/wp-content\/uploads\/2024\/04\/IMG_1778-768x768.jpg 768w\" sizes=\"auto, (max-width: 1024px) 100vw, 1024px\" \/><figcaption class=\"wp-element-caption\">Fototermin am Baumstamm<\/figcaption><\/figure>\n\n\n\n<p>Sie und Ihr Hund m\u00f6chten meine Hundegruppe und mich pers\u00f6nlich kennenlernen? Gerne k\u00f6nnen wir einen Schnuppertermin vereinbaren.<\/p>\n\n\n\n<div class=\"wp-block-buttons is-content-justification-center is-layout-flex wp-container-core-buttons-is-layout-a89b3969 wp-block-buttons-is-layout-flex\">\n<div class=\"wp-block-button\"><a class=\"wp-block-button__link wp-element-button\" href=\"https:\/\/www.dem-hund-zuliebe.de\/?page_id=22\">Schnuppertermin vereinbaren &#8230;<\/a><\/div>\n<\/div>\n","protected":false},"excerpt":{"rendered":"<p>erm\u00f6glichen Sie Ihrem Hund artgerechte Bewegung und Auslastung in der Hundegruppe w\u00e4hrend Sie auf Arbeit oder anderweitig verhindert sind. Leistungen Sie und Ihr Hund m\u00f6chten meine Hundegruppe und mich pers\u00f6nlich kennenlernen? Gerne k\u00f6nnen wir einen Schnuppertermin vereinbaren.<\/p>\n","protected":false},"author":1,"featured_media":0,"parent":0,"menu_order":0,"comment_status":"closed","ping_status":"closed","template":"","meta":{"footnotes":""},"class_list":["post-48","page","type-page","status-publish","hentry"],"_links":{"self":[{"href":"https:\/\/www.dem-hund-zuliebe.de\/index.php?rest_route=\/wp\/v2\/pages\/48","targetHints":{"allow":["GET"]}}],"collection":[{"href":"https:\/\/www.dem-hund-zuliebe.de\/index.php?rest_route=\/wp\/v2\/pages"}],"about":[{"href":"https:\/\/www.dem-hund-zuliebe.de\/index.php?rest_route=\/wp\/v2\/types\/page"}],"author":[{"embeddable":true,"href":"https:\/\/www.dem-hund-zuliebe.de\/index.php?rest_route=\/wp\/v2\/users\/1"}],"replies":[{"embeddable":true,"href":"https:\/\/www.dem-hund-zuliebe.de\/index.php?rest_route=%2Fwp%2Fv2%2Fcomments&post=48"}],"version-history":[{"count":5,"href":"https:\/\/www.dem-hund-zuliebe.de\/index.php?rest_route=\/wp\/v2\/pages\/48\/revisions"}],"predecessor-version":[{"id":59,"href":"https:\/\/www.dem-hund-zuliebe.de\/index.php?rest_route=\/wp\/v2\/pages\/48\/revisions\/59"}],"wp:attachment":[{"href":"https:\/\/www.dem-hund-zuliebe.de\/index.php?rest_route=%2Fwp%2Fv2%2Fmedia&parent=48"}],"curies":[{"name":"wp","href":"https:\/\/api.w.org\/{rel}","templated":true}]}}